{"id":939,"date":"2026-02-27T23:33:44","date_gmt":"2026-02-27T23:33:44","guid":{"rendered":"https:\/\/sicprojects.net\/?page_id=939"},"modified":"2026-04-03T13:33:37","modified_gmt":"2026-04-03T13:33:37","slug":"renovation","status":"publish","type":"page","link":"https:\/\/sicprojects.net\/es\/renovation\/","title":{"rendered":"RENOVACI\u00d3N"},"content":{"rendered":"<div data-elementor-type=\"wp-page\" data-elementor-id=\"939\" class=\"elementor elementor-939\">\n\t\t\t\t<div class=\"elementor-element elementor-element-cc1dca1 e-flex e-con-boxed e-con e-parent\" data-id=\"cc1dca1\" data-element_type=\"container\" data-settings=\"{&quot;background_background&quot;:&quot;classic&quot;}\">\n\t\t\t\t\t<div class=\"e-con-inner\">\n\t\t\t\t<div class=\"elementor-element elementor-element-ae3329e elementor-widget elementor-widget-heading\" data-id=\"ae3329e\" data-element_type=\"widget\" data-widget_type=\"heading.default\">\n\t\t\t\t<div class=\"elementor-widget-container\">\n\t\t\t\t\t<h2 class=\"elementor-heading-title elementor-size-default\">SERVICIOS DE RENOVACI\u00d3N<\/h2>\t\t\t\t<\/div>\n\t\t\t\t<\/div>\n\t\t\t\t<div class=\"elementor-element elementor-element-04ec12c elementor-widget elementor-widget-heading\" data-id=\"04ec12c\" data-element_type=\"widget\" data-widget_type=\"heading.default\">\n\t\t\t\t<div class=\"elementor-widget-container\">\n\t\t\t\t\t<div class=\"elementor-heading-title elementor-size-default\">Mejoras cosm\u00e9ticas, reparaci\u00f3n estructural, actualizaci\u00f3n de sistemas, adici\u00f3n o eliminaci\u00f3n de espacio, mejoras exteriores, mejoraremos la estructura, distribuci\u00f3n o dise\u00f1o de su hogar para hacerlo m\u00e1s funcional.<\/div>\t\t\t\t<\/div>\n\t\t\t\t<\/div>\n\t\t\t\t\t<\/div>\n\t\t\t\t<\/div>\n\t\t<div class=\"elementor-element elementor-element-9b093e4 e-flex e-con-boxed e-con e-parent\" data-id=\"9b093e4\" data-element_type=\"container\">\n\t\t\t\t\t<div class=\"e-con-inner\">\n\t\t<div class=\"elementor-element elementor-element-297e201 e-con-full e-flex e-con e-child\" data-id=\"297e201\" data-element_type=\"container\">\n\t\t\t\t<div class=\"elementor-element elementor-element-cd7524f elementor-widget elementor-widget-heading\" data-id=\"cd7524f\" data-element_type=\"widget\" data-widget_type=\"heading.default\">\n\t\t\t\t<div class=\"elementor-widget-container\">\n\t\t\t\t\t<h3 class=\"elementor-heading-title elementor-size-default\">Renovaciones interiores y exteriores para propiedades residenciales y comerciales<\/h3>\t\t\t\t<\/div>\n\t\t\t\t<\/div>\n\t\t\t\t<\/div>\n\t\t<div class=\"elementor-element elementor-element-607b790 e-con-full e-flex e-con e-child\" data-id=\"607b790\" data-element_type=\"container\">\n\t\t\t\t<div class=\"elementor-element elementor-element-9725d27 elementor-widget elementor-widget-text-editor\" data-id=\"9725d27\" data-element_type=\"widget\" data-widget_type=\"text-editor.default\">\n\t\t\t\t<div class=\"elementor-widget-container\">\n\t\t\t\t\t\t\t\t\t<p>SIC Projects es un proveedor l\u00edder de servicios de renovaci\u00f3n exterior e interior de hogares en Orlando, Florida, ofreciendo una amplia gama de soluciones que incluyen hardscaping (paisajismo duro), recubrimientos exteriores como estuco y CoolWall, puertas y ventanas, muros de contenci\u00f3n, patios, p\u00e9rgolas y mucho m\u00e1s.<\/p>\t\t\t\t\t\t\t\t<\/div>\n\t\t\t\t<\/div>\n\t\t\t\t<\/div>\n\t\t\t\t\t<\/div>\n\t\t\t\t<\/div>\n\t\t<div class=\"elementor-element elementor-element-397b594 e-flex e-con-boxed e-con e-parent\" data-id=\"397b594\" data-element_type=\"container\">\n\t\t\t\t\t<div class=\"e-con-inner\">\n\t\t\t\t<div class=\"elementor-element elementor-element-3c93446 elementor-widget elementor-widget-heading\" data-id=\"3c93446\" data-element_type=\"widget\" data-widget_type=\"heading.default\">\n\t\t\t\t<div class=\"elementor-widget-container\">\n\t\t\t\t\t<h2 class=\"elementor-heading-title elementor-size-default\"><u>Kitchen Remodeling<\/u><\/h2>\t\t\t\t<\/div>\n\t\t\t\t<\/div>\n\t\t\t\t\t<\/div>\n\t\t\t\t<\/div>\n\t\t<div class=\"elementor-element elementor-element-73ff77e e-flex e-con-boxed e-con e-parent\" data-id=\"73ff77e\" data-element_type=\"container\">\n\t\t\t\t\t<div class=\"e-con-inner\">\n\t\t<div class=\"elementor-element elementor-element-34d9d99 e-con-full e-flex e-con e-child\" data-id=\"34d9d99\" data-element_type=\"container\">\n\t\t\t\t<div class=\"elementor-element elementor-element-27c07c2 elementor-widget elementor-widget-image\" data-id=\"27c07c2\" data-element_type=\"widget\" data-widget_type=\"image.default\">\n\t\t\t\t<div class=\"elementor-widget-container\">\n\t\t\t\t\t\t\t\t\t\t\t\t\t\t\t<img fetchpriority=\"high\" decoding=\"async\" width=\"473\" height=\"1024\" src=\"https:\/\/sicprojects.net\/wp-content\/uploads\/2026\/02\/unnamed-2-473x1024.jpg\" class=\"attachment-large size-large wp-image-940\" alt=\"\" srcset=\"https:\/\/sicprojects.net\/wp-content\/uploads\/2026\/02\/unnamed-2-473x1024.jpg 473w, https:\/\/sicprojects.net\/wp-content\/uploads\/2026\/02\/unnamed-2-139x300.jpg 139w, https:\/\/sicprojects.net\/wp-content\/uploads\/2026\/02\/unnamed-2-768x1662.jpg 768w, https:\/\/sicprojects.net\/wp-content\/uploads\/2026\/02\/unnamed-2-710x1536.jpg 710w, https:\/\/sicprojects.net\/wp-content\/uploads\/2026\/02\/unnamed-2-946x2048.jpg 946w, https:\/\/sicprojects.net\/wp-content\/uploads\/2026\/02\/unnamed-2-6x12.jpg 6w, https:\/\/sicprojects.net\/wp-content\/uploads\/2026\/02\/unnamed-2-scaled.jpg 1183w\" sizes=\"(max-width: 473px) 100vw, 473px\" \/>\t\t\t\t\t\t\t\t\t\t\t\t\t\t\t<\/div>\n\t\t\t\t<\/div>\n\t\t\t\t<\/div>\n\t\t<div class=\"elementor-element elementor-element-5188daa e-con-full e-flex e-con e-child\" data-id=\"5188daa\" data-element_type=\"container\">\n\t\t\t\t<div class=\"elementor-element elementor-element-239cc0d elementor-widget elementor-widget-image\" data-id=\"239cc0d\" data-element_type=\"widget\" data-widget_type=\"image.default\">\n\t\t\t\t<div class=\"elementor-widget-container\">\n\t\t\t\t\t\t\t\t\t\t\t\t\t\t\t<img decoding=\"async\" width=\"768\" height=\"1024\" src=\"https:\/\/sicprojects.net\/wp-content\/uploads\/2026\/02\/unnamed-3-768x1024.jpg\" class=\"attachment-large size-large wp-image-941\" alt=\"\" srcset=\"https:\/\/sicprojects.net\/wp-content\/uploads\/2026\/02\/unnamed-3-768x1024.jpg 768w, https:\/\/sicprojects.net\/wp-content\/uploads\/2026\/02\/unnamed-3-225x300.jpg 225w, https:\/\/sicprojects.net\/wp-content\/uploads\/2026\/02\/unnamed-3-1152x1536.jpg 1152w, https:\/\/sicprojects.net\/wp-content\/uploads\/2026\/02\/unnamed-3-1536x2048.jpg 1536w, https:\/\/sicprojects.net\/wp-content\/uploads\/2026\/02\/unnamed-3-9x12.jpg 9w, https:\/\/sicprojects.net\/wp-content\/uploads\/2026\/02\/unnamed-3-scaled.jpg 1920w\" sizes=\"(max-width: 768px) 100vw, 768px\" \/>\t\t\t\t\t\t\t\t\t\t\t\t\t\t\t<\/div>\n\t\t\t\t<\/div>\n\t\t\t\t<div class=\"elementor-element elementor-element-656135c elementor-widget elementor-widget-image\" data-id=\"656135c\" data-element_type=\"widget\" data-widget_type=\"image.default\">\n\t\t\t\t<div class=\"elementor-widget-container\">\n\t\t\t\t\t\t\t\t\t\t\t\t\t\t\t<img decoding=\"async\" width=\"768\" height=\"1024\" src=\"https:\/\/sicprojects.net\/wp-content\/uploads\/2026\/02\/unnamed-27-768x1024.jpg\" class=\"attachment-large size-large wp-image-948\" alt=\"\" srcset=\"https:\/\/sicprojects.net\/wp-content\/uploads\/2026\/02\/unnamed-27-768x1024.jpg 768w, https:\/\/sicprojects.net\/wp-content\/uploads\/2026\/02\/unnamed-27-225x300.jpg 225w, https:\/\/sicprojects.net\/wp-content\/uploads\/2026\/02\/unnamed-27-1152x1536.jpg 1152w, https:\/\/sicprojects.net\/wp-content\/uploads\/2026\/02\/unnamed-27-1536x2048.jpg 1536w, https:\/\/sicprojects.net\/wp-content\/uploads\/2026\/02\/unnamed-27-9x12.jpg 9w, https:\/\/sicprojects.net\/wp-content\/uploads\/2026\/02\/unnamed-27-scaled.jpg 1920w\" sizes=\"(max-width: 768px) 100vw, 768px\" \/>\t\t\t\t\t\t\t\t\t\t\t\t\t\t\t<\/div>\n\t\t\t\t<\/div>\n\t\t\t\t<\/div>\n\t\t<div class=\"elementor-element elementor-element-2ed77cb e-con-full e-flex e-con e-child\" data-id=\"2ed77cb\" data-element_type=\"container\">\n\t\t\t\t<div class=\"elementor-element elementor-element-62e383e elementor-widget elementor-widget-image\" data-id=\"62e383e\" data-element_type=\"widget\" data-widget_type=\"image.default\">\n\t\t\t\t<div class=\"elementor-widget-container\">\n\t\t\t\t\t\t\t\t\t\t\t\t\t\t\t<img loading=\"lazy\" decoding=\"async\" width=\"768\" height=\"1024\" src=\"https:\/\/sicprojects.net\/wp-content\/uploads\/2026\/02\/unnamed-19-768x1024.jpg\" class=\"attachment-large size-large wp-image-944\" alt=\"\" srcset=\"https:\/\/sicprojects.net\/wp-content\/uploads\/2026\/02\/unnamed-19-768x1024.jpg 768w, https:\/\/sicprojects.net\/wp-content\/uploads\/2026\/02\/unnamed-19-225x300.jpg 225w, https:\/\/sicprojects.net\/wp-content\/uploads\/2026\/02\/unnamed-19-1152x1536.jpg 1152w, https:\/\/sicprojects.net\/wp-content\/uploads\/2026\/02\/unnamed-19-1536x2048.jpg 1536w, https:\/\/sicprojects.net\/wp-content\/uploads\/2026\/02\/unnamed-19-9x12.jpg 9w, https:\/\/sicprojects.net\/wp-content\/uploads\/2026\/02\/unnamed-19-scaled.jpg 1920w\" sizes=\"(max-width: 768px) 100vw, 768px\" \/>\t\t\t\t\t\t\t\t\t\t\t\t\t\t\t<\/div>\n\t\t\t\t<\/div>\n\t\t\t\t<div class=\"elementor-element elementor-element-ef72a14 elementor-widget elementor-widget-image\" data-id=\"ef72a14\" data-element_type=\"widget\" data-widget_type=\"image.default\">\n\t\t\t\t<div class=\"elementor-widget-container\">\n\t\t\t\t\t\t\t\t\t\t\t\t\t\t\t<img loading=\"lazy\" decoding=\"async\" width=\"780\" height=\"585\" src=\"https:\/\/sicprojects.net\/wp-content\/uploads\/2026\/02\/unnamed-14-1024x768.jpg\" class=\"attachment-large size-large wp-image-951\" alt=\"\" srcset=\"https:\/\/sicprojects.net\/wp-content\/uploads\/2026\/02\/unnamed-14-1024x768.jpg 1024w, https:\/\/sicprojects.net\/wp-content\/uploads\/2026\/02\/unnamed-14-300x225.jpg 300w, https:\/\/sicprojects.net\/wp-content\/uploads\/2026\/02\/unnamed-14-768x576.jpg 768w, https:\/\/sicprojects.net\/wp-content\/uploads\/2026\/02\/unnamed-14-1536x1152.jpg 1536w, https:\/\/sicprojects.net\/wp-content\/uploads\/2026\/02\/unnamed-14-2048x1536.jpg 2048w, https:\/\/sicprojects.net\/wp-content\/uploads\/2026\/02\/unnamed-14-16x12.jpg 16w\" sizes=\"(max-width: 780px) 100vw, 780px\" \/>\t\t\t\t\t\t\t\t\t\t\t\t\t\t\t<\/div>\n\t\t\t\t<\/div>\n\t\t\t\t<div class=\"elementor-element elementor-element-8a9a10a elementor-widget elementor-widget-image\" data-id=\"8a9a10a\" data-element_type=\"widget\" data-widget_type=\"image.default\">\n\t\t\t\t<div class=\"elementor-widget-container\">\n\t\t\t\t\t\t\t\t\t\t\t\t\t\t\t<img loading=\"lazy\" decoding=\"async\" width=\"780\" height=\"585\" src=\"https:\/\/sicprojects.net\/wp-content\/uploads\/2026\/02\/unnamed-13-1024x768.jpg\" class=\"attachment-large size-large wp-image-950\" alt=\"\" srcset=\"https:\/\/sicprojects.net\/wp-content\/uploads\/2026\/02\/unnamed-13-1024x768.jpg 1024w, https:\/\/sicprojects.net\/wp-content\/uploads\/2026\/02\/unnamed-13-300x225.jpg 300w, https:\/\/sicprojects.net\/wp-content\/uploads\/2026\/02\/unnamed-13-768x576.jpg 768w, https:\/\/sicprojects.net\/wp-content\/uploads\/2026\/02\/unnamed-13-1536x1152.jpg 1536w, https:\/\/sicprojects.net\/wp-content\/uploads\/2026\/02\/unnamed-13-2048x1536.jpg 2048w, https:\/\/sicprojects.net\/wp-content\/uploads\/2026\/02\/unnamed-13-16x12.jpg 16w\" sizes=\"(max-width: 780px) 100vw, 780px\" \/>\t\t\t\t\t\t\t\t\t\t\t\t\t\t\t<\/div>\n\t\t\t\t<\/div>\n\t\t\t\t<\/div>\n\t\t\t\t\t<\/div>\n\t\t\t\t<\/div>\n\t\t<div class=\"elementor-element elementor-element-01f6e9c e-flex e-con-boxed e-con e-parent\" data-id=\"01f6e9c\" data-element_type=\"container\">\n\t\t\t\t\t<div class=\"e-con-inner\">\n\t\t\t\t<div class=\"elementor-element elementor-element-014c892 elementor-widget elementor-widget-heading\" data-id=\"014c892\" data-element_type=\"widget\" data-widget_type=\"heading.default\">\n\t\t\t\t<div class=\"elementor-widget-container\">\n\t\t\t\t\t<h2 class=\"elementor-heading-title elementor-size-default\"><u>Bathroom Remodeling<\/u><\/h2>\t\t\t\t<\/div>\n\t\t\t\t<\/div>\n\t\t\t\t\t<\/div>\n\t\t\t\t<\/div>\n\t\t<div class=\"elementor-element elementor-element-8fe129a e-flex e-con-boxed e-con e-parent\" data-id=\"8fe129a\" data-element_type=\"container\">\n\t\t\t\t\t<div class=\"e-con-inner\">\n\t\t<div class=\"elementor-element elementor-element-ec8a747 e-grid e-con-full e-con e-child\" data-id=\"ec8a747\" data-element_type=\"container\">\n\t\t\t\t<div class=\"elementor-element elementor-element-3006882 elementor-widget elementor-widget-image\" data-id=\"3006882\" data-element_type=\"widget\" data-widget_type=\"image.default\">\n\t\t\t\t<div class=\"elementor-widget-container\">\n\t\t\t\t\t\t\t\t\t\t\t\t\t\t\t<img loading=\"lazy\" decoding=\"async\" width=\"768\" height=\"1024\" src=\"https:\/\/sicprojects.net\/wp-content\/uploads\/2026\/03\/A1-768x1024.jpg\" class=\"attachment-large size-large wp-image-960\" alt=\"\" srcset=\"https:\/\/sicprojects.net\/wp-content\/uploads\/2026\/03\/A1-768x1024.jpg 768w, https:\/\/sicprojects.net\/wp-content\/uploads\/2026\/03\/A1-225x300.jpg 225w, https:\/\/sicprojects.net\/wp-content\/uploads\/2026\/03\/A1-1152x1536.jpg 1152w, https:\/\/sicprojects.net\/wp-content\/uploads\/2026\/03\/A1-9x12.jpg 9w, https:\/\/sicprojects.net\/wp-content\/uploads\/2026\/03\/A1.jpg 1200w\" sizes=\"(max-width: 768px) 100vw, 768px\" \/>\t\t\t\t\t\t\t\t\t\t\t\t\t\t\t<\/div>\n\t\t\t\t<\/div>\n\t\t\t\t<div class=\"elementor-element elementor-element-cbd3a7a elementor-widget elementor-widget-image\" data-id=\"cbd3a7a\" data-element_type=\"widget\" data-widget_type=\"image.default\">\n\t\t\t\t<div class=\"elementor-widget-container\">\n\t\t\t\t\t\t\t\t\t\t\t\t\t\t\t<img loading=\"lazy\" decoding=\"async\" width=\"768\" height=\"1024\" src=\"https:\/\/sicprojects.net\/wp-content\/uploads\/2026\/03\/A2-768x1024.jpg\" class=\"attachment-large size-large wp-image-961\" alt=\"\" srcset=\"https:\/\/sicprojects.net\/wp-content\/uploads\/2026\/03\/A2-768x1024.jpg 768w, https:\/\/sicprojects.net\/wp-content\/uploads\/2026\/03\/A2-225x300.jpg 225w, https:\/\/sicprojects.net\/wp-content\/uploads\/2026\/03\/A2-1152x1536.jpg 1152w, https:\/\/sicprojects.net\/wp-content\/uploads\/2026\/03\/A2-9x12.jpg 9w, https:\/\/sicprojects.net\/wp-content\/uploads\/2026\/03\/A2.jpg 1200w\" sizes=\"(max-width: 768px) 100vw, 768px\" \/>\t\t\t\t\t\t\t\t\t\t\t\t\t\t\t<\/div>\n\t\t\t\t<\/div>\n\t\t\t\t<div class=\"elementor-element elementor-element-4678b45 elementor-widget elementor-widget-image\" data-id=\"4678b45\" data-element_type=\"widget\" data-widget_type=\"image.default\">\n\t\t\t\t<div class=\"elementor-widget-container\">\n\t\t\t\t\t\t\t\t\t\t\t\t\t\t\t<img loading=\"lazy\" decoding=\"async\" width=\"768\" height=\"1024\" src=\"https:\/\/sicprojects.net\/wp-content\/uploads\/2026\/03\/A3-768x1024.jpg\" class=\"attachment-large size-large wp-image-962\" alt=\"\" srcset=\"https:\/\/sicprojects.net\/wp-content\/uploads\/2026\/03\/A3-768x1024.jpg 768w, https:\/\/sicprojects.net\/wp-content\/uploads\/2026\/03\/A3-225x300.jpg 225w, https:\/\/sicprojects.net\/wp-content\/uploads\/2026\/03\/A3-1152x1536.jpg 1152w, https:\/\/sicprojects.net\/wp-content\/uploads\/2026\/03\/A3-9x12.jpg 9w, https:\/\/sicprojects.net\/wp-content\/uploads\/2026\/03\/A3.jpg 1200w\" sizes=\"(max-width: 768px) 100vw, 768px\" \/>\t\t\t\t\t\t\t\t\t\t\t\t\t\t\t<\/div>\n\t\t\t\t<\/div>\n\t\t\t\t<\/div>\n\t\t\t\t\t<\/div>\n\t\t\t\t<\/div>\n\t\t<div class=\"elementor-element elementor-element-2c67191 e-flex e-con-boxed e-con e-parent\" data-id=\"2c67191\" data-element_type=\"container\">\n\t\t\t\t\t<div class=\"e-con-inner\">\n\t\t<div class=\"elementor-element elementor-element-2b64290 e-grid e-con-full e-con e-child\" data-id=\"2b64290\" data-element_type=\"container\">\n\t\t\t\t<div class=\"elementor-element elementor-element-b7daa35 elementor-widget elementor-widget-image\" data-id=\"b7daa35\" data-element_type=\"widget\" data-widget_type=\"image.default\">\n\t\t\t\t<div class=\"elementor-widget-container\">\n\t\t\t\t\t\t\t\t\t\t\t\t\t\t\t<img loading=\"lazy\" decoding=\"async\" width=\"473\" height=\"1024\" src=\"https:\/\/sicprojects.net\/wp-content\/uploads\/2026\/02\/unnamed-23-473x1024.jpg\" class=\"attachment-large size-large wp-image-946\" alt=\"\" srcset=\"https:\/\/sicprojects.net\/wp-content\/uploads\/2026\/02\/unnamed-23-473x1024.jpg 473w, https:\/\/sicprojects.net\/wp-content\/uploads\/2026\/02\/unnamed-23-139x300.jpg 139w, https:\/\/sicprojects.net\/wp-content\/uploads\/2026\/02\/unnamed-23-768x1662.jpg 768w, https:\/\/sicprojects.net\/wp-content\/uploads\/2026\/02\/unnamed-23-710x1536.jpg 710w, https:\/\/sicprojects.net\/wp-content\/uploads\/2026\/02\/unnamed-23-946x2048.jpg 946w, https:\/\/sicprojects.net\/wp-content\/uploads\/2026\/02\/unnamed-23-6x12.jpg 6w, https:\/\/sicprojects.net\/wp-content\/uploads\/2026\/02\/unnamed-23-scaled.jpg 1183w\" sizes=\"(max-width: 473px) 100vw, 473px\" \/>\t\t\t\t\t\t\t\t\t\t\t\t\t\t\t<\/div>\n\t\t\t\t<\/div>\n\t\t\t\t<div class=\"elementor-element elementor-element-bccd774 elementor-widget elementor-widget-image\" data-id=\"bccd774\" data-element_type=\"widget\" data-widget_type=\"image.default\">\n\t\t\t\t<div class=\"elementor-widget-container\">\n\t\t\t\t\t\t\t\t\t\t\t\t\t\t\t<img loading=\"lazy\" decoding=\"async\" width=\"473\" height=\"1024\" src=\"https:\/\/sicprojects.net\/wp-content\/uploads\/2026\/02\/unnamed-4-473x1024.jpg\" class=\"attachment-large size-large wp-image-942\" alt=\"\" srcset=\"https:\/\/sicprojects.net\/wp-content\/uploads\/2026\/02\/unnamed-4-473x1024.jpg 473w, https:\/\/sicprojects.net\/wp-content\/uploads\/2026\/02\/unnamed-4-139x300.jpg 139w, https:\/\/sicprojects.net\/wp-content\/uploads\/2026\/02\/unnamed-4-768x1662.jpg 768w, https:\/\/sicprojects.net\/wp-content\/uploads\/2026\/02\/unnamed-4-710x1536.jpg 710w, https:\/\/sicprojects.net\/wp-content\/uploads\/2026\/02\/unnamed-4-946x2048.jpg 946w, https:\/\/sicprojects.net\/wp-content\/uploads\/2026\/02\/unnamed-4-6x12.jpg 6w, https:\/\/sicprojects.net\/wp-content\/uploads\/2026\/02\/unnamed-4-scaled.jpg 1183w\" sizes=\"(max-width: 473px) 100vw, 473px\" \/>\t\t\t\t\t\t\t\t\t\t\t\t\t\t\t<\/div>\n\t\t\t\t<\/div>\n\t\t\t\t<\/div>\n\t\t\t\t\t<\/div>\n\t\t\t\t<\/div>\n\t\t<div class=\"elementor-element elementor-element-69e4767 e-flex e-con-boxed e-con e-parent\" data-id=\"69e4767\" data-element_type=\"container\">\n\t\t\t\t\t<div class=\"e-con-inner\">\n\t\t\t\t<div class=\"elementor-element elementor-element-c83d842 elementor-widget elementor-widget-heading\" data-id=\"c83d842\" data-element_type=\"widget\" data-widget_type=\"heading.default\">\n\t\t\t\t<div class=\"elementor-widget-container\">\n\t\t\t\t\t<h2 class=\"elementor-heading-title elementor-size-default\"><u>New Flooring<\/u><\/h2>\t\t\t\t<\/div>\n\t\t\t\t<\/div>\n\t\t\t\t\t<\/div>\n\t\t\t\t<\/div>\n\t\t<div class=\"elementor-element elementor-element-cdbc10a e-flex e-con-boxed e-con e-parent\" data-id=\"cdbc10a\" data-element_type=\"container\">\n\t\t\t\t\t<div class=\"e-con-inner\">\n\t\t<div class=\"elementor-element elementor-element-ca19fc1 e-grid e-con-full e-con e-child\" data-id=\"ca19fc1\" data-element_type=\"container\">\n\t\t\t\t<div class=\"elementor-element elementor-element-847e792 elementor-widget elementor-widget-image\" data-id=\"847e792\" data-element_type=\"widget\" data-widget_type=\"image.default\">\n\t\t\t\t<div class=\"elementor-widget-container\">\n\t\t\t\t\t\t\t\t\t\t\t\t\t\t\t<img loading=\"lazy\" decoding=\"async\" width=\"768\" height=\"1024\" src=\"https:\/\/sicprojects.net\/wp-content\/uploads\/2026\/04\/image1.jpg\" class=\"attachment-full size-full wp-image-969\" alt=\"\" srcset=\"https:\/\/sicprojects.net\/wp-content\/uploads\/2026\/04\/image1.jpg 768w, https:\/\/sicprojects.net\/wp-content\/uploads\/2026\/04\/image1-225x300.jpg 225w, https:\/\/sicprojects.net\/wp-content\/uploads\/2026\/04\/image1-9x12.jpg 9w\" sizes=\"(max-width: 768px) 100vw, 768px\" \/>\t\t\t\t\t\t\t\t\t\t\t\t\t\t\t<\/div>\n\t\t\t\t<\/div>\n\t\t\t\t<div class=\"elementor-element elementor-element-dc5a012 elementor-widget elementor-widget-image\" data-id=\"dc5a012\" data-element_type=\"widget\" data-widget_type=\"image.default\">\n\t\t\t\t<div class=\"elementor-widget-container\">\n\t\t\t\t\t\t\t\t\t\t\t\t\t\t\t<img loading=\"lazy\" decoding=\"async\" width=\"768\" height=\"1024\" src=\"https:\/\/sicprojects.net\/wp-content\/uploads\/2026\/04\/image0.jpg\" class=\"attachment-full size-full wp-image-968\" alt=\"\" srcset=\"https:\/\/sicprojects.net\/wp-content\/uploads\/2026\/04\/image0.jpg 768w, https:\/\/sicprojects.net\/wp-content\/uploads\/2026\/04\/image0-225x300.jpg 225w, https:\/\/sicprojects.net\/wp-content\/uploads\/2026\/04\/image0-9x12.jpg 9w\" sizes=\"(max-width: 768px) 100vw, 768px\" \/>\t\t\t\t\t\t\t\t\t\t\t\t\t\t\t<\/div>\n\t\t\t\t<\/div>\n\t\t\t\t<div class=\"elementor-element elementor-element-cab5981 elementor-widget elementor-widget-image\" data-id=\"cab5981\" data-element_type=\"widget\" data-widget_type=\"image.default\">\n\t\t\t\t<div class=\"elementor-widget-container\">\n\t\t\t\t\t\t\t\t\t\t\t\t\t\t\t<img loading=\"lazy\" decoding=\"async\" width=\"768\" height=\"1024\" src=\"https:\/\/sicprojects.net\/wp-content\/uploads\/2026\/04\/image2.jpeg\" class=\"attachment-full size-full wp-image-970\" alt=\"\" srcset=\"https:\/\/sicprojects.net\/wp-content\/uploads\/2026\/04\/image2.jpeg 768w, https:\/\/sicprojects.net\/wp-content\/uploads\/2026\/04\/image2-225x300.jpeg 225w, https:\/\/sicprojects.net\/wp-content\/uploads\/2026\/04\/image2-9x12.jpeg 9w\" sizes=\"(max-width: 768px) 100vw, 768px\" \/>\t\t\t\t\t\t\t\t\t\t\t\t\t\t\t<\/div>\n\t\t\t\t<\/div>\n\t\t\t\t<div class=\"elementor-element elementor-element-37a384d elementor-widget elementor-widget-image\" data-id=\"37a384d\" data-element_type=\"widget\" data-widget_type=\"image.default\">\n\t\t\t\t<div class=\"elementor-widget-container\">\n\t\t\t\t\t\t\t\t\t\t\t\t\t\t\t<img loading=\"lazy\" decoding=\"async\" width=\"768\" height=\"1024\" src=\"https:\/\/sicprojects.net\/wp-content\/uploads\/2026\/04\/image3.jpeg\" class=\"attachment-full size-full wp-image-971\" alt=\"\" srcset=\"https:\/\/sicprojects.net\/wp-content\/uploads\/2026\/04\/image3.jpeg 768w, https:\/\/sicprojects.net\/wp-content\/uploads\/2026\/04\/image3-225x300.jpeg 225w, https:\/\/sicprojects.net\/wp-content\/uploads\/2026\/04\/image3-9x12.jpeg 9w\" sizes=\"(max-width: 768px) 100vw, 768px\" \/>\t\t\t\t\t\t\t\t\t\t\t\t\t\t\t<\/div>\n\t\t\t\t<\/div>\n\t\t\t\t<div class=\"elementor-element elementor-element-83e5365 elementor-widget elementor-widget-image\" data-id=\"83e5365\" data-element_type=\"widget\" data-widget_type=\"image.default\">\n\t\t\t\t<div class=\"elementor-widget-container\">\n\t\t\t\t\t\t\t\t\t\t\t\t\t\t\t<img loading=\"lazy\" decoding=\"async\" width=\"768\" height=\"1024\" src=\"https:\/\/sicprojects.net\/wp-content\/uploads\/2026\/04\/image4.jpeg\" class=\"attachment-full size-full wp-image-972\" alt=\"\" srcset=\"https:\/\/sicprojects.net\/wp-content\/uploads\/2026\/04\/image4.jpeg 768w, https:\/\/sicprojects.net\/wp-content\/uploads\/2026\/04\/image4-225x300.jpeg 225w, https:\/\/sicprojects.net\/wp-content\/uploads\/2026\/04\/image4-9x12.jpeg 9w\" sizes=\"(max-width: 768px) 100vw, 768px\" \/>\t\t\t\t\t\t\t\t\t\t\t\t\t\t\t<\/div>\n\t\t\t\t<\/div>\n\t\t\t\t<\/div>\n\t\t\t\t\t<\/div>\n\t\t\t\t<\/div>\n\t\t\t\t<\/div>","protected":false},"excerpt":{"rendered":"<p>Renovation Services Cosmetic improvements, structural repair, updating systems, adding or removing space, exterior improvements, we&#8217;ll improve your home&#8217;s structure, layout or design to make it more functional. Interior &amp; Exterior Renovations For Residential &amp; Commercial Properties SIC Projects is a top provider of exterior &amp; interior home renovation services in Orlando Florida, offering a diverse<a class=\"more-link\" href=\"https:\/\/sicprojects.net\/es\/renovation\/\">Read more<\/a><\/p>","protected":false},"author":1,"featured_media":0,"parent":0,"menu_order":0,"comment_status":"closed","ping_status":"closed","template":"elementor_canvas","meta":{"footnotes":""},"class_list":["post-939","page","type-page","status-publish","hentry"],"_links":{"self":[{"href":"https:\/\/sicprojects.net\/es\/wp-json\/wp\/v2\/pages\/939","targetHints":{"allow":["GET"]}}],"collection":[{"href":"https:\/\/sicprojects.net\/es\/wp-json\/wp\/v2\/pages"}],"about":[{"href":"https:\/\/sicprojects.net\/es\/wp-json\/wp\/v2\/types\/page"}],"author":[{"embeddable":true,"href":"https:\/\/sicprojects.net\/es\/wp-json\/wp\/v2\/users\/1"}],"replies":[{"embeddable":true,"href":"https:\/\/sicprojects.net\/es\/wp-json\/wp\/v2\/comments?post=939"}],"version-history":[{"count":12,"href":"https:\/\/sicprojects.net\/es\/wp-json\/wp\/v2\/pages\/939\/revisions"}],"predecessor-version":[{"id":979,"href":"https:\/\/sicprojects.net\/es\/wp-json\/wp\/v2\/pages\/939\/revisions\/979"}],"wp:attachment":[{"href":"https:\/\/sicprojects.net\/es\/wp-json\/wp\/v2\/media?parent=939"}],"curies":[{"name":"wp","href":"https:\/\/api.w.org\/{rel}","templated":true}]}}